{"id":511,"date":"2020-06-21T18:26:55","date_gmt":"2020-06-21T16:26:55","guid":{"rendered":"https:\/\/www.zivaexotika.cz\/change-of-data\/"},"modified":"2021-09-20T22:46:05","modified_gmt":"2021-09-20T20:46:05","slug":"profile-edit","status":"publish","type":"page","link":"https:\/\/zivaexotika.cz\/en\/profile-edit\/","title":{"rendered":"Change of data"},"content":{"rendered":"\n[et_pb_section fb_built=&#8221;1&#8243; _builder_version=&#8221;4.4.8&#8243;][et_pb_row _builder_version=&#8221;4.4.8&#8243;][et_pb_column _builder_version=&#8221;4.4.8&#8243; type=&#8221;4_4&#8243;][et_pb_code _builder_version=&#8221;4.4.8&#8243; hover_enabled=&#8221;0&#8243;]<p class=\"alert alert-error\">V\u00e1\u0161 z\u00e1znam nebyl nalezen. V p\u0159\u00edpad\u011b p\u0159etrv\u00e1vaj\u00edc\u00edch pot\u00ed\u017e\u00ed n\u00e1s kontaktujte. \/ Your profile wasn't found. Please contact us!<\/p><!-- [et_pb_line_break_holder] -->[\/et_pb_code][\/et_pb_column][\/et_pb_row][\/et_pb_section]\n","protected":false},"excerpt":{"rendered":"<p class=\"alert alert-error\">V\u00e1\u0161 z\u00e1znam nebyl nalezen. V p\u0159\u00edpad\u011b p\u0159etrv\u00e1vaj\u00edc\u00edch pot\u00ed\u017e\u00ed n\u00e1s kontaktujte. \/ Your profile wasn't found. Please contact us!<\/p>\n","protected":false},"author":6,"featured_media":0,"parent":0,"menu_order":0,"comment_status":"closed","ping_status":"closed","template":"","meta":{"_et_pb_use_builder":"on","_et_pb_old_content":"","_et_gb_content_width":"","footnotes":""},"class_list":["post-511","page","type-page","status-publish","hentry"],"_links":{"self":[{"href":"https:\/\/zivaexotika.cz\/en\/wp-json\/wp\/v2\/pages\/511","targetHints":{"allow":["GET"]}}],"collection":[{"href":"https:\/\/zivaexotika.cz\/en\/wp-json\/wp\/v2\/pages"}],"about":[{"href":"https:\/\/zivaexotika.cz\/en\/wp-json\/wp\/v2\/types\/page"}],"author":[{"embeddable":true,"href":"https:\/\/zivaexotika.cz\/en\/wp-json\/wp\/v2\/users\/6"}],"replies":[{"embeddable":true,"href":"https:\/\/zivaexotika.cz\/en\/wp-json\/wp\/v2\/comments?post=511"}],"version-history":[{"count":0,"href":"https:\/\/zivaexotika.cz\/en\/wp-json\/wp\/v2\/pages\/511\/revisions"}],"wp:attachment":[{"href":"https:\/\/zivaexotika.cz\/en\/wp-json\/wp\/v2\/media?parent=511"}],"curies":[{"name":"wp","href":"https:\/\/api.w.org\/{rel}","templated":true}]}}