{"id":37019,"date":"2026-04-07T10:54:20","date_gmt":"2026-04-07T08:54:20","guid":{"rendered":"https:\/\/zivaexotika.cz\/betriebsregeln-der-umkleidekabine\/"},"modified":"2026-04-07T10:54:45","modified_gmt":"2026-04-07T08:54:45","slug":"betriebsregeln-der-umkleidekabine","status":"publish","type":"page","link":"https:\/\/zivaexotika.cz\/de\/betriebsregeln-der-umkleidekabine\/","title":{"rendered":"Betriebsregeln der Umkleidekabine"},"content":{"rendered":"<p>[et_pb_section fb_built=&#8220;1&#8243; _builder_version=&#8220;4.27.5&#8243; _module_preset=&#8220;default&#8220; da_disable_devices=&#8220;off|off|off&#8220; global_colors_info=&#8220;{}&#8220; da_is_popup=&#8220;off&#8220; da_exit_intent=&#8220;off&#8220; da_has_close=&#8220;on&#8220; da_alt_close=&#8220;off&#8220; da_dark_close=&#8220;off&#8220; da_not_modal=&#8220;on&#8220; da_is_singular=&#8220;off&#8220; da_with_loader=&#8220;off&#8220; da_has_shadow=&#8220;on&#8220;][et_pb_row _builder_version=&#8220;4.27.5&#8243; _module_preset=&#8220;default&#8220; global_colors_info=&#8220;{}&#8220;][et_pb_column type=&#8220;4_4&#8243; _builder_version=&#8220;4.27.5&#8243; _module_preset=&#8220;default&#8220; global_colors_info=&#8220;{}&#8220;][et_pb_text _builder_version=&#8220;4.27.5&#8243; _module_preset=&#8220;default&#8220; global_colors_info=&#8220;{}&#8220;]<\/p>\n<h2 style=\"text-align: center;\"><strong>GARDEROBENBETRIEBSREGELN<\/strong><\/h2>\n<p style=\"text-align: center;\">Diese Betriebsregeln f\u00fcr Garderoben (im Folgenden als &#8222;Garderobenbetriebsregeln&#8220; bezeichnet) regeln die Nutzungsregeln und Nutzungsbedingungen der Garderobe im Inneren des TOP HOTEL Prag, Bla\u017eimsk\u00e1 1781\/4, Prag 4 (im Folgenden als &#8222;Garderobe bezeichnet&#8220;). Die Garderobe ist der einzige Ort, der f\u00fcr die Aufbewahrung von Dingen im Zusammenhang mit der Teilnahme an einer Veranstaltung vorgesehen ist, und aus Sicherheitsgr\u00fcnden auch der einzige Ort, an dem solche Gegenst\u00e4nde \u00fcblicherweise aufbewahrt werden. Alle Kunden, die die Garderobe nutzen, sind verpflichtet, sich mit diesen Betriebsregeln vertraut zu machen und sie einzuhalten.  <\/p>\n<p style=\"text-align: center;\"><strong>Durch \u00dcbergabe des Gegenstands an die Garderobe und Erhalt der Best\u00e4tigung des Erhalts akzeptiert der Kunde diese Betriebsregeln und schlie\u00dft mit dem Garderobenbetreiber, der Firma, ab:<\/strong><\/p>\n<p style=\"text-align: center;\"><strong>Downstream S.R.O.<br \/><\/strong>mit Gesch\u00e4ftssitz in Gutova 2134\/26, 100 Prag 10 \u2013 Stra\u0161nice,<br \/>I\u010cO: 29462959, Mehrwertsteuer: CZ29462959,<br \/>eingetragen im Handelsregister, das vom Stadtgericht in Prag gef\u00fchrt wird, Abschnitt C, Insert 208135 (im Folgenden als &#8222;Betreiber&#8220; bezeichnet), eingetragen ist.<\/p>\n<p style=\"text-align: center;\">Ein <strong>Vertrag \u00fcber die Verwahrung von beweglichem Eigentum<\/strong> im Sinne von Art. 2402 und Abschnitt 1751 par. 1 des Gesetzes Nr. 89\/2012 Coll., des Zivilgesetzbuchs, in der jeweils ge\u00e4nderten Fassung.<\/p>\n<p>[\/et_pb_text][\/et_pb_column][\/et_pb_row][et_pb_row _builder_version=&#8220;4.27.5&#8243; _module_preset=&#8220;default&#8220; global_colors_info=&#8220;{}&#8220;][et_pb_column type=&#8220;4_4&#8243; _builder_version=&#8220;4.27.5&#8243; _module_preset=&#8220;default&#8220; global_colors_info=&#8220;{}&#8220;][et_pb_text _builder_version=&#8220;4.27.5&#8243; _module_preset=&#8220;default&#8220; global_colors_info=&#8220;{}&#8220;]<\/p>\n<div style=\"font-family: inherit; font-size: inherit; line-height: 1.65;\">\n<p style=\"font-weight: bold; margin: 0 0 6px 0;\">1. Bediener<\/p>\n<p style=\"margin: 0 0 0 20px;\">Die Garderobe wird von Downstream s.r.o., Gutova 2134\/26, 100 00 Prag 10 \u2013 Stra\u0161nice, betrieben, die den Betrieb der Garderobe in eigenem Auftrag und unter eigener Verantwortung im Rahmen der Veranstaltungen &#8222;LIVE EXOTICS&#8220; und &#8222;LIVE BOTANY&#8220; in den R\u00e4umlichkeiten des TOP HOTEL Prag, Bla\u017eimsk\u00e1 1781\/4, Prag 4, gew\u00e4hrleisten.<\/p>\n<p style=\"font-weight: bold; margin: 28px 0 6px 0;\">2. Betriebszeiten und Lagerzeit<\/p>\n<p style=\"margin: 0 0 8px 20px;\">Die Garderobe ist nur w\u00e4hrend der betreffenden Veranstaltung im Geb\u00e4ude des TOP HOTEL Prag, Bla\u017eimsk\u00e1 1781\/4, Prag 4 (im Folgenden als &#8222;Event&#8220; bezeichnet) ge\u00f6ffnet, in der Regel von der \u00d6ffnung des Eingangs f\u00fcr die \u00d6ffentlichkeit vor Beginn der Veranstaltung bis maximal 30 Minuten nach Abschluss. Weitere Betriebszeiten des Garderobenraums werden am jeweiligen Tag der Veranstaltung durch eine Ver\u00f6ffentlichung im Garderobenraum mitgeteilt. <\/p>\n<p style=\"margin: 0 0 0 20px;\">Die Zeit der Veranstaltung und die Er\u00f6ffnung der Garderobe f\u00fcr dieses Ereignis ist die maximal vereinbarte Lagerzeit.<\/p>\n<p style=\"font-weight: bold; margin: 28px 0 6px 0;\">3. Bezahlung f\u00fcr die Lagerung von Gegenst\u00e4nden<\/p>\n<p style=\"margin: 0 0 8px 20px;\">F\u00fcr die Lagerung der Gegenst\u00e4nde im Garderobe ist der Kunde verpflichtet, den Preis im Voraus gem\u00e4\u00df der aktuellen Preisliste zu zahlen, die im Garderobe verf\u00fcgbar ist. F\u00fcr jeden einzelnen eingezahlten Artikel zahlt der Kunde diesen Preis separat, sofern der Betreiber nichts anderes anspricht. Der Kunde erh\u00e4lt eine Quittung in Form eines Tickets mit einer eindeutigen Identifikationsnummer (im Folgenden als &#8222;Ticket&#8220; bezeichnet) \u00fcber die Bezahlung und den Empfang des Gegenstands zur sicheren Aufbewahrung.  <\/p>\n<p style=\"margin: 0 0 0 20px;\">Der Kunde ist berechtigt, sp\u00e4testens bei der Zahlung des Treuhandpreises eine Best\u00e4tigung der geleisteten Zahlung zu beantragen.<\/p>\n<p style=\"font-weight: bold; margin: 28px 0 6px 0;\">4. Aufbewahrungs- und Gegenstandsidentifikationsnummer<\/p>\n<p style=\"margin: 0 0 8px 20px;\">Nachdem der Gegenstand in die Garderobe gebracht wurde, wird er mit einer Identifikationsnummer versehen, die identisch mit der auf dem Ticket angegebenen Nummer ist. Die Klage wird nur gegen die Vorlage dieses Tickets an den Garderobenbetreiber erhoben. Jeder Artikel muss mit einem separaten Ticket erfasst werden. Man kann nicht mehr als einen Artikel auf einem einzigen Ticket speichern.   <\/p>\n<p style=\"margin: 0 0 8px 20px;\">Artikel, f\u00fcr die dem Kunden kein separates Ticket ausgestellt wurde, sind nicht im Treuhandkonto enthalten und unterliegen nicht der Haftung des Betreibers.<\/p>\n<p style=\"margin: 0 0 0 20px;\">Gleichzeitig ist der Betreiber nicht verantwortlich f\u00fcr den Verlust oder die Besch\u00e4digung von Gegenst\u00e4nden, die in einem anderen weggeworfenen Artikel ohne eigenes Ticket aufbewahrt werden, insbesondere wenn der Kunde bei der \u00dcbergabe an die Garderobe nicht nachweislich \u00fcber deren Anwesenheit informiert wurde.<\/p>\n<p style=\"font-weight: bold; margin: 28px 0 6px 0;\">5. Die R\u00fccknahme des Gegenstands durch den Kunden<\/p>\n<p style=\"margin: 0 0 8px 20px;\">Der Kunde ist verpflichtet, die gelagerten Gegenst\u00e4nde ohne unn\u00f6tige Verz\u00f6gerung nach Ablauf der Veranstaltung abzuholen, jedoch sp\u00e4testens 30 Minuten, immer vor Schlie\u00dfung der Garderobe.<\/p>\n<p style=\"margin: 0 0 8px 20px;\">Nicht abgeholte Gegenst\u00e4nde werden protokollartig festgehalten und an der f\u00fcr folgende Zwecke vorgesehenen Adresse abgelegt: Downstream s.r.o., Masarykovo n\u00e1m\u011bst\u00ed 18, 254 01 J\u00edlov\u00e9 u Prahy, f\u00fcr einen Zeitraum von 7 Tagen, der ab dem Tag nach dem Tag des Ereignisses beginnt. Gegenst\u00e4nde, die in der Garderobe zur\u00fcckgelassen werden, k\u00f6nnen nach vorheriger Vereinbarung mit dem Bediener unter Tel.: 606 379 809 oder per E-Mail: info@zivaexotika.cz abgeholt werden.<\/p>\n<p style=\"margin: 0 0 6px 20px;\">Um sie auszustellen, ist es notwendig:<\/p>\n<p style=\"margin: 0 0 4px 40px;\">\u2022 Vorlage des Tickets,<\/p>\n<p style=\"margin: 0 0 4px 40px;\">\u2022 Vorlage eines g\u00fcltigen Personalausweises,<\/p>\n<p style=\"margin: 0 0 4px 40px;\">\u2022 Geben Sie Ihren Namen, Ihre Adresse, Ihr Geburtsdatum ein,<\/p>\n<p style=\"margin: 0 0 4px 40px;\">\u2022 Zahlung etwaiger Geb\u00fchren (aufgef\u00fchrt in der Preisliste der Garderobe),<\/p>\n<p style=\"margin: 0 0 8px 40px;\">\u2022 Unterzeichnung des Annahmeprotokolls.<\/p>\n<p style=\"margin: 0 0 8px 20px;\">Wenn der Kunde die Artikel nicht innerhalb des oben angegebenen Zeitraums abholt, gelten diese als verlassen. In einem solchen Fall ist der Betreiber berechtigt, sie nach eigenem Ermessen zu ver\u00e4u\u00dfern. Der Betreiber haftet nicht f\u00fcr Sch\u00e4den, die im Zusammenhang mit dem Umgang mit solchen nicht abgeholten Gegenst\u00e4nden entstehen.  <\/p>\n<p style=\"font-weight: bold; margin: 28px 0 6px 0;\">6. Ein Ticket verlieren<\/p>\n<p style=\"margin: 0 0 8px 20px;\">Im Falle des Verlusts des Tickets kann der aufgeschobene Artikel dem Kunden ausgestellt werden, nachdem seine Identit\u00e4t mit einer g\u00fcltigen Karte, Name, Adresse und Geburtsdatum mitgeteilt und eingetragen sowie unbezahlte Geb\u00fchren gem\u00e4\u00df der Preisliste der Garderobe bezahlt wurden.<\/p>\n<p style=\"margin: 0 0 8px 20px;\">Der Artikel wird zuletzt an den Kunden \u00fcbergeben, also zu dem Moment, in dem alle \u00fcbrigen Gegenst\u00e4nde aus der Garderobe \u00fcbergeben werden, nach einer detaillierten Beschreibung des vom Kunden abgelegten Artikels.<\/p>\n<p style=\"margin: 0 0 0 20px;\">Der Betreiber haftet nicht f\u00fcr Schaden, wenn der aufgeschobene Gegenstand aufgrund eines verlorenen Tickets an eine andere Person \u00fcbergeben wird.<\/p>\n<p style=\"font-weight: bold; margin: 28px 0 6px 0;\">7. Weggeworfene Gegenst\u00e4nde und aus der Lagerung ausgeschlossene Gegenst\u00e4nde<\/p>\n<p style=\"margin: 0 0 8px 20px;\">Der Kunde darf in der Garderobe nur die \u00fcblichen Gegenst\u00e4nde f\u00fcr den Besuch der Veranstaltung aufbewahren, insbesondere Oberbekleidung (z. B. M\u00e4ntel, Jacken) und \u00e4hnliche pers\u00f6nliche Gegenst\u00e4nde.<\/p>\n<p style=\"margin: 0 0 8px 20px;\">Wertgegenst\u00e4nde oder Gegenst\u00e4nde von h\u00f6herem Wert, insbesondere Bargeld, Schmuck, Dokumente, Schl\u00fcssel, Elektronik oder andere \u00e4hnliche Gegenst\u00e4nde, d\u00fcrfen nicht in der Garderobe aufbewahrt werden. Der Betreiber hat das Recht, die Annahme solcher Artikel zu verweigern. <\/p>\n<p style=\"margin: 0 0 8px 20px;\">Dar\u00fcber hinaus \u00fcbernimmt der Betreiber keine Verantwortung f\u00fcr Gegenst\u00e4nde, die in den gelagerten Gegenst\u00e4nden gelagert werden (z. B. in Kleidungstaschen oder Gep\u00e4ck).<\/p>\n<p style=\"margin: 0 0 0 20px;\">Falls der Kunde einen Gegenstand zur sicheren Aufbewahrung entgegen diesen Garderobenbetriebsregeln \u00fcbergibt, haftet der Betreiber keinen Verlust, Schaden oder sonstige Sch\u00e4den an diesen Gegenst\u00e4nden.<\/p>\n<p style=\"font-weight: bold; margin: 28px 0 6px 0;\">8. Verbotene Gegenst\u00e4nde<\/p>\n<p style=\"margin: 0 0 6px 20px;\">Es ist verboten, gef\u00e4hrliche Gegenst\u00e4nde in der Garderobe zu lagern, insbesondere:<\/p>\n<p style=\"margin: 0 0 4px 40px;\">\u2022 explosive, bet\u00e4ubende, psychotrope, hochentz\u00fcndliche, giftige oder anderweitig gef\u00e4hrliche Substanzen, Druckbeh\u00e4lter und andere Materialien, die aufgrund ihrer chemischen oder physikalischen Eigenschaften eine Gefahr f\u00fcr die menschliche Gesundheit, die Umwelt oder das Eigentum darstellen k\u00f6nnen,<\/p>\n<p style=\"margin: 0 0 4px 40px;\">\u2022 Schusswaffen und Munition,<\/p>\n<p style=\"margin: 0 0 4px 40px;\">\u2022 stark verschmutzte oder stinkende Gegenst\u00e4nde,<\/p>\n<p style=\"margin: 0 0 8px 40px;\">\u2022 ungew\u00f6hnliche Dinge.<\/p>\n<p style=\"margin: 0 0 0 20px;\">Lebende Tiere d\u00fcrfen nicht in die Garderobe gebracht werden, es sei denn, der Betreiber entscheidet ausdr\u00fccklich anders.<\/p>\n<p style=\"font-weight: bold; margin: 28px 0 6px 0;\">8a. Tiere (au\u00dfergew\u00f6hnliche Akzeptanz) <\/p>\n<p style=\"margin: 0 0 8px 20px;\">In Ausnahmef\u00e4llen kann der Betreiber die Lagerung eines kleinen Tieres erlauben, wenn es in einer geschlossenen, sicheren und ausreichend bel\u00fcfteten Transportbox untergebracht wird, die seiner Art und Gr\u00f6\u00dfe entspricht und zudem ordnungsgem\u00e4\u00df gegen das Entkommen des Tieres gesichert ist.<\/p>\n<p style=\"margin: 0 0 8px 20px;\">Der Kunde ist daf\u00fcr verantwortlich sicherzustellen, dass das Tier f\u00fcr eine vor\u00fcbergehende Einlagerung in eine solche Box geeignet ist und dass seine Platzierung weder seine Gesundheit noch seine Umgebung gef\u00e4hrdet.<\/p>\n<p style=\"margin: 0 0 8px 20px;\">Der Betreiber ist nicht verantwortlich f\u00fcr den Gesundheitszustand des Tieres oder f\u00fcr etwaige Sch\u00e4den an ihm, es sei denn, es liegt eine Verletzung der Pflichten des Betreibers vor.<\/p>\n<p style=\"margin: 0 0 8px 20px;\">Der Betreiber ist berechtigt, jederzeit die \u00dcbernahme des Tieres zu verweigern oder seine sofortige Abnahme zu verlangen, wenn die Lagerung unangemessen oder riskant w\u00e4re.<\/p>\n<p style=\"margin: 0 0 8px 20px;\">Das Tier muss w\u00e4hrend der gesamten Lagerungszeit in einer Transportbox untergebracht werden.<\/p>\n<p style=\"margin: 0 0 0 20px;\">Weitere Bestimmungen dieser Garderobenbetriebsregeln gelten entsprechend f\u00fcr Tiere, sofern in diesem Artikel nicht anders festgelegt.<\/p>\n<p style=\"font-weight: bold; margin: 28px 0 6px 0;\">9. Gep\u00e4ck<\/p>\n<p style=\"margin: 0 0 8px 20px;\">Der Kunde ist verpflichtet, das Gep\u00e4ck in eine ordnungsgem\u00e4\u00df verschlossene und gesicherte Garderobe zu \u00fcbergeben, damit der Inhalt nicht herausf\u00e4llt.<\/p>\n<p style=\"margin: 0 0 8px 20px;\">Der Betreiber ist f\u00fcr das gesamte Gep\u00e4ck verantwortlich und nicht f\u00fcr dessen Inhalt oder f\u00fcr Verluste oder Sch\u00e4den an im Gep\u00e4ck gelagerten Gegenst\u00e4nden.<\/p>\n<p style=\"margin: 0 0 8px 20px;\">Der Betreiber ist berechtigt, den Inhalt des Gep\u00e4cks vorzulegen, um zu \u00fcberpr\u00fcfen, dass es keine Gegenst\u00e4nde enth\u00e4lt, deren Lagerung gegen diese Betriebsregeln des Garderobenraums verst\u00f6\u00dft. Im Falle einer Weigerung ist der Betreiber berechtigt, die Annahme des Gep\u00e4cks zu verweigern. <\/p>\n<p style=\"margin: 0 0 8px 20px;\">Lebende Tiere d\u00fcrfen nicht ohne Wissen und Zustimmung des Betreibers in Gep\u00e4ck gelegt werden.<\/p>\n<p style=\"margin: 0 0 0 20px;\">Die Bestimmungen von Artikel 7 (Gegenst\u00e4nde von au\u00dfergew\u00f6hnlichem Wert), Artikel 8 (verbotene Gegenst\u00e4nde), Artikel 8a (Tiere) und Artikel 11 (Gegenst\u00e4nde von au\u00dfergew\u00f6hnlichem Wert) dieser Betriebsregeln f\u00fcr Garderoben gelten jedoch f\u00fcr Gep\u00e4ckgegenst\u00e4nde.    <\/p>\n<p style=\"font-weight: bold; margin: 28px 0 6px 0;\">10. Weigerung, den Gegenstand in die Garderobe zu bringen<\/p>\n<p style=\"margin: 0 0 0 20px;\">Der Betreiber beh\u00e4lt sich das Recht vor, die Aufnahme des Gegenstands in den Garderobe zu verweigern, insbesondere wenn die maximale Kapazit\u00e4t erreicht ist oder die in den Artikeln 7, 8, 8a oder 11 dieser Betriebsregeln festgelegten Bedingungen nicht erf\u00fcllt. <\/p>\n<p style=\"font-weight: bold; margin: 28px 0 6px 0;\">11. Gegenst\u00e4nde von au\u00dfergew\u00f6hnlichem Wert<\/p>\n<p style=\"margin: 0 0 0 20px;\">Wertgegenst\u00e4nde, insbesondere Bargeld, Schmuck, Dokumente, Schl\u00fcssel, Elektronik oder andere wertvolle Gegenst\u00e4nde, d\u00fcrfen nicht in der Garderobe aufbewahrt werden. Der Betreiber hat das Recht, die Annahme solcher Artikel zu verweigern. <\/p>\n<p style=\"font-weight: bold; margin: 28px 0 6px 0;\">12. Ausschluss der Haftung f\u00fcr Gegenst\u00e4nde, die unter Versto\u00df gegen die Betriebsregeln des Garderobes \u00fcbergeben werden<\/p>\n<p style=\"margin: 0 0 0 20px;\">Falls der Kunde gegen seine gesetzlichen oder vertraglichen Verpflichtungen verst\u00f6\u00dft, insbesondere wenn er den Betreiber nicht \u00fcber die Tatsachen oder die Art der Gegenst\u00e4nde gem\u00e4\u00df diesen Garderobenbetriebsregeln informiert, haftet der Kunde f\u00fcr den entstandenen Schaden und ist verpflichtet, den Betreiber zu entsch\u00e4digen.<\/p>\n<p style=\"font-weight: bold; margin: 28px 0 6px 0;\">13. Beschwerden<\/p>\n<p style=\"margin: 0 0 0 20px;\">Beschwerden m\u00fcssen ohne unn\u00f6tige Verz\u00f6gerung eingereicht werden, in der Regel am Tag der Veranstaltung. Sp\u00e4ter eingereichte Beschwerden werden m\u00f6glicherweise nicht ber\u00fccksichtigt. <\/p>\n<p style=\"font-weight: bold; margin: 40px 0 8px 0;\">Operatorkontakte:<\/p>\n<p style=\"margin: 0 0 4px 20px;\">Downstream S.R.O.<\/p>\n<p style=\"margin: 0 0 4px 20px;\">Gutova 2134\/26<\/p>\n<p style=\"margin: 0 0 4px 20px;\">100 00 Prag 10 \u2013 Stra\u0161nice<\/p>\n<p style=\"margin: 0 0 4px 20px;\">Firmen-ID: 29462959<\/p>\n<p style=\"margin: 0 0 4px 20px;\">Mehrwertsteuer-ID: CZ29462959<\/p>\n<p style=\"margin: 0 0 4px 20px;\">Tel.: 606 379 809<\/p>\n<p style=\"margin: 0 0 4px 20px;\">E-Mail: info@zivaexotika.cz<\/p>\n<p style=\"margin: 0 0 4px 20px;\">Web: zivaexotika.cz<\/p>\n<p style=\"margin: 28px 0 0 0; font-size: 0.9em; color: #888;\">Wirksamkeitsdatum der Betriebsregeln f\u00fcr den Garderoben: 1. 4. 2026<\/p>\n<\/div>\n<p>[\/et_pb_text][\/et_pb_column][\/et_pb_row][\/et_pb_section]<\/p>\n","protected":false},"excerpt":{"rendered":"<p>GARDEROBENBETRIEBSREGELN Diese Betriebsregeln f\u00fcr Garderoben (im Folgenden als &#8222;Garderobenbetriebsregeln&#8220; bezeichnet) regeln die Nutzungsregeln und Nutzungsbedingungen der Garderobe im Inneren des TOP HOTEL Prag, Bla\u017eimsk\u00e1 1781\/4, Prag 4 (im Folgenden als &#8222;Garderobe bezeichnet&#8220;). Die Garderobe ist der einzige Ort, der f\u00fcr die Aufbewahrung von Dingen im Zusammenhang mit der Teilnahme an einer Veranstaltung vorgesehen ist, und [&hellip;]<\/p>\n","protected":false},"author":11,"featured_media":0,"parent":0,"menu_order":0,"comment_status":"closed","ping_status":"closed","template":"","meta":{"_et_pb_use_builder":"on","_et_pb_old_content":"","_et_gb_content_width":"","footnotes":""},"class_list":["post-37019","page","type-page","status-publish","hentry"],"_links":{"self":[{"href":"https:\/\/zivaexotika.cz\/de\/wp-json\/wp\/v2\/pages\/37019","targetHints":{"allow":["GET"]}}],"collection":[{"href":"https:\/\/zivaexotika.cz\/de\/wp-json\/wp\/v2\/pages"}],"about":[{"href":"https:\/\/zivaexotika.cz\/de\/wp-json\/wp\/v2\/types\/page"}],"author":[{"embeddable":true,"href":"https:\/\/zivaexotika.cz\/de\/wp-json\/wp\/v2\/users\/11"}],"replies":[{"embeddable":true,"href":"https:\/\/zivaexotika.cz\/de\/wp-json\/wp\/v2\/comments?post=37019"}],"version-history":[{"count":6,"href":"https:\/\/zivaexotika.cz\/de\/wp-json\/wp\/v2\/pages\/37019\/revisions"}],"predecessor-version":[{"id":37030,"href":"https:\/\/zivaexotika.cz\/de\/wp-json\/wp\/v2\/pages\/37019\/revisions\/37030"}],"wp:attachment":[{"href":"https:\/\/zivaexotika.cz\/de\/wp-json\/wp\/v2\/media?parent=37019"}],"curies":[{"name":"wp","href":"https:\/\/api.w.org\/{rel}","templated":true}]}}