{"id":35167,"date":"2026-02-01T16:31:52","date_gmt":"2026-02-01T15:31:52","guid":{"rendered":"https:\/\/zivaexotika.cz\/tickets\/"},"modified":"2026-02-01T16:31:53","modified_gmt":"2026-02-01T15:31:53","slug":"tickets","status":"publish","type":"page","link":"https:\/\/zivaexotika.cz\/de\/tickets\/","title":{"rendered":"Tickets"},"content":{"rendered":"<p>[et_pb_section fb_built=&#8220;1&#8243; _builder_version=&#8220;4.16&#8243; custom_padding=&#8220;||0px|||&#8220; global_colors_info=&#8220;{}&#8220;][et_pb_row _builder_version=&#8220;4.16&#8243; custom_padding=&#8220;||0px|||&#8220; global_colors_info=&#8220;{}&#8220;][et_pb_column type=&#8220;4_4&#8243; _builder_version=&#8220;4.16&#8243; global_colors_info=&#8220;{}&#8220;][et_pb_text _builder_version=&#8220;4.16.1&#8243; text_font=&#8220;||||||||&#8220; text_line_height=&#8220;2em&#8220; header_font=&#8220;||||||||&#8220; header_2_font=&#8220;Merriweather|700|||||||&#8220; header_2_font_size=&#8220;36px&#8220; header_2_line_height=&#8220;1.6em&#8220; header_3_line_height=&#8220;1.5em&#8220; min_height=&#8220;28px&#8220; custom_margin=&#8220;||29px||false|false&#8220; custom_padding=&#8220;||0px|||&#8220; hover_enabled=&#8220;0&#8243; header_2_font_size_tablet=&#8220;&#8220; header_2_font_size_phone=&#8220;20px&#8220; header_2_font_size_last_edited=&#8220;on|phone&#8220; global_colors_info=&#8220;{}&#8220; sticky_enabled=&#8220;0&#8243;]<\/p>\n<h2 class=\"separator_off\" style=\"text-align: center;\">Ticketvorverkauf<\/h2>\n<h3 class=\"separator_off\" style=\"text-align: center;\">am 7.5.2022<\/h3>\n<p style=\"text-align: center;\"><span><\/span><\/p>\n<p>[\/et_pb_text][et_pb_text _builder_version=&#8220;4.16.1&#8243; text_font=&#8220;||||||||&#8220; text_line_height=&#8220;2em&#8220; header_font=&#8220;||||||||&#8220; header_2_font=&#8220;Merriweather|700|||||||&#8220; header_2_font_size=&#8220;36px&#8220; header_2_line_height=&#8220;1.6em&#8220; header_3_line_height=&#8220;1.5em&#8220; min_height=&#8220;105px&#8220; custom_margin=&#8220;||39px||false|false&#8220; custom_padding=&#8220;||0px|||&#8220; hover_enabled=&#8220;0&#8243; header_2_font_size_tablet=&#8220;&#8220; header_2_font_size_phone=&#8220;20px&#8220; header_2_font_size_last_edited=&#8220;on|phone&#8220; global_colors_info=&#8220;{}&#8220; sticky_enabled=&#8220;0&#8243;]<\/p>\n<p style=\"text-align: center;\"><strong>Eintrittspreis<\/strong><strong>Alle Personen von 16 bis 65 Jahren zahlen Eintritt. Andere haben freien Eintritt. <br \/><\/strong><span style=\"color: #ff0000;\"><strong>Hygienema\u00dfnahmen<br \/><\/strong><\/span><span style=\"color: #ff0000;\"><strong>Der Eintritt zur Veranstaltung ist ohne Einschr\u00e4nkungen m\u00f6glich<br \/><\/strong><\/span><\/p>\n<p style=\"text-align: center;\">[\/et_pb_text][et_pb_text _builder_version=&#8220;4.16&#8243; header_3_font=&#8220;Merriweather||||||||&#8220; header_3_font_size=&#8220;21px&#8220; header_3_line_height=&#8220;1.5em&#8220; global_colors_info=&#8220;{}&#8220;]<\/p>\n<h3 style=\"text-align: center;\"><span><strong>Links zu einzelnen Tickets werden Ihnen per E-Mail zugesandt. Wenn die E-Mail nicht ankommt, \u00fcberpr\u00fcfen Sie bitte, ob Sie Ihre E-Mail-Adresse korrekt eingegeben haben. <\/strong><\/span><\/h3>\n<h3 style=\"text-align: center;\"><span>K\u00f6nnen Sie Ihre Ticket-Downloads nicht \u00f6ffnen? Die Dateien sind im PDF-Format, und du brauchst Adobe Acrobat Reader zum \u00d6ffnen. Du kannst es f\u00fcr iOS, Android und Microsoft herunterladen.  <\/span><\/h3>\n<p>[\/et_pb_text][\/et_pb_column][\/et_pb_row][et_pb_row column_structure=&#8220;1_3,1_3,1_3&#8243; _builder_version=&#8220;4.16&#8243; width=&#8220;25%&#8220; global_colors_info=&#8220;{}&#8220;][et_pb_column type=&#8220;1_3&#8243; _builder_version=&#8220;4.16&#8243; global_colors_info=&#8220;{}&#8220;][et_pb_image src=&#8220;https:\/\/zivaexotika.cz\/wp-content\/uploads\/2020\/06\/app_store.png&#8220; title_text=&#8220;Comgate-Logo Transaparent-BCG&#8220; url=&#8220;https:\/\/apps.apple.com\/us\/app\/adobe-acrobat-reader-for-pdf\/id469337564&#8243; url_new_window=&#8220;on&#8220; align=&#8220;center&#8220; _builder_version=&#8220;4.16&#8243; max_height=&#8220;40px&#8220; global_colors_info=&#8220;{}&#8220;][\/et_pb_image][\/et_pb_column][et_pb_column type=&#8220;1_3&#8243; _builder_version=&#8220;4.16&#8243; global_colors_info=&#8220;{}&#8220;][et_pb_image src=&#8220;https:\/\/zivaexotika.cz\/wp-content\/uploads\/2020\/06\/google_play.png&#8220; title_text=&#8220;Comgate-Logo Transaparent-BCG&#8220; url=&#8220;https:\/\/play.google.com\/store\/apps\/details?id=com.adobe.reader&amp;hl=cs&#8220; url_new_window=&#8220;on&#8220; align=&#8220;center&#8220; _builder_version=&#8220;4.16&#8243; max_height=&#8220;40px&#8220; global_colors_info=&#8220;{}&#8220;][\/et_pb_image][\/et_pb_column][et_pb_column type=&#8220;1_3&#8243; _builder_version=&#8220;4.16&#8243; global_colors_info=&#8220;{}&#8220;][et_pb_image src=&#8220;https:\/\/zivaexotika.cz\/wp-content\/uploads\/2020\/06\/microsoft.png&#8220; title_text=&#8220;Comgate-Logo Transaparent-BCG&#8220; url=&#8220;https:\/\/get.adobe.com\/cz\/reader\/&#8220; url_new_window=&#8220;on&#8220; align=&#8220;center&#8220; _builder_version=&#8220;4.16&#8243; max_height=&#8220;40px&#8220; global_colors_info=&#8220;{}&#8220;][\/et_pb_image][\/et_pb_column][\/et_pb_row][et_pb_row disabled_on=&#8220;off|off|off&#8220; _builder_version=&#8220;4.16&#8243; width_tablet=&#8220;&#8220; width_phone=&#8220;100%&#8220; width_last_edited=&#8220;on|desktop&#8220; global_colors_info=&#8220;{}&#8220;][et_pb_column type=&#8220;4_4&#8243; _builder_version=&#8220;4.16&#8243; global_colors_info=&#8220;{}&#8220;][et_pb_code _builder_version=&#8220;4.16.1&#8243; hover_enabled=&#8220;0&#8243; global_colors_info=&#8220;{}&#8220; sticky_enabled=&#8220;0&#8243;]<script src=\"https:\/\/zivaexotika.bzuco.cloud\/resources\/frontend\/embed.js\"><\/script><!-- [et_pb_line_break_holder] --><script type=\"text\/javascript\"><!-- [et_pb_line_break_holder] -->    var bzucoConfig = {<!-- [et_pb_line_break_holder] -->        single: [6],   \/\/ Zobrazit p\u0159\u00edmo akci s ID<!-- [et_pb_line_break_holder] -->        actionAfterBasket: 2, \/\/ U\u017eivatel bude p\u0159esm\u011brov\u00e1n p\u0159\u00edmo do ko\u0161\u00edku<!-- [et_pb_line_break_holder] -->        animation: 'fade', \/\/ Vypnut\u00ed animac\u00ed<!-- [et_pb_line_break_holder] -->        callbackAddToBasket: function(message, remote) {<!-- [et_pb_line_break_holder] -->        console.info(['callbackAddToBasket', message, remote])<!-- [et_pb_line_break_holder] -->    }<!-- [et_pb_line_break_holder] -->}<!-- [et_pb_line_break_holder] --><\/script><!-- [et_pb_line_break_holder] -->[\/et_pb_code][\/et_pb_column][\/et_pb_row][et_pb_row column_structure=&#8220;1_5,1_5,1_5,1_5,1_5&#8243; use_custom_gutter=&#8220;on&#8220; gutter_width=&#8220;1&#8243; make_equal=&#8220;on&#8220; _builder_version=&#8220;4.16&#8243; _module_preset=&#8220;default&#8220; custom_css_main_element=&#8220;align-items: center;&#8220; global_colors_info=&#8220;{}&#8220;][et_pb_column type=&#8220;1_5&#8243; _builder_version=&#8220;4.16&#8243; _module_preset=&#8220;default&#8220; global_colors_info=&#8220;{}&#8220;][et_pb_image src=&#8220;https:\/\/zivaexotika.cz\/wp-content\/uploads\/2021\/10\/comgate-logo-transaparent-bcg.png&#8220; title_text=&#8220;Comgate-Logo Transaparent-BCG&#8220; align=&#8220;center&#8220; _builder_version=&#8220;4.16&#8243; _module_preset=&#8220;default&#8220; max_height=&#8220;40px&#8220; global_colors_info=&#8220;{}&#8220;][\/et_pb_image][\/et_pb_column][et_pb_column type=&#8220;1_5&#8243; _builder_version=&#8220;4.16&#8243; _module_preset=&#8220;default&#8220; global_colors_info=&#8220;{}&#8220;][et_pb_image src=&#8220;https:\/\/zivaexotika.cz\/wp-content\/uploads\/2021\/10\/CS_v.png&#8220; title_text=&#8220;Comgate-Logo Transaparent-BCG&#8220; align=&#8220;center&#8220; _builder_version=&#8220;4.16&#8243; _module_preset=&#8220;default&#8220; max_height=&#8220;40px&#8220; global_colors_info=&#8220;{}&#8220;][\/et_pb_image][\/et_pb_column][et_pb_column type=&#8220;1_5&#8243; _builder_version=&#8220;4.16&#8243; _module_preset=&#8220;default&#8220; global_colors_info=&#8220;{}&#8220;][et_pb_image src=&#8220;https:\/\/zivaexotika.cz\/wp-content\/uploads\/2021\/10\/CSOB_v.png&#8220; title_text=&#8220;Comgate-Logo Transaparent-BCG&#8220; align=&#8220;center&#8220; _builder_version=&#8220;4.16&#8243; _module_preset=&#8220;default&#8220; max_height=&#8220;40px&#8220; global_colors_info=&#8220;{}&#8220;][\/et_pb_image][\/et_pb_column][et_pb_column type=&#8220;1_5&#8243; _builder_version=&#8220;4.16&#8243; _module_preset=&#8220;default&#8220; global_colors_info=&#8220;{}&#8220;][et_pb_image src=&#8220;https:\/\/zivaexotika.cz\/wp-content\/uploads\/2021\/10\/ERA_v.jpg&#8220; title_text=&#8220;Comgate-Logo Transaparent-BCG&#8220; align=&#8220;center&#8220; _builder_version=&#8220;4.16&#8243; _module_preset=&#8220;default&#8220; max_height=&#8220;40px&#8220; global_colors_info=&#8220;{}&#8220;][\/et_pb_image][\/et_pb_column][et_pb_column type=&#8220;1_5&#8243; _builder_version=&#8220;4.16&#8243; _module_preset=&#8220;default&#8220; global_colors_info=&#8220;{}&#8220;][et_pb_image src=&#8220;https:\/\/zivaexotika.cz\/wp-content\/uploads\/2021\/10\/FIO_v.png&#8220; title_text=&#8220;Comgate-Logo Transaparent-BCG&#8220; align=&#8220;center&#8220; _builder_version=&#8220;4.16&#8243; _module_preset=&#8220;default&#8220; max_height=&#8220;40px&#8220; global_colors_info=&#8220;{}&#8220;][\/et_pb_image][\/et_pb_column][\/et_pb_row][et_pb_row column_structure=&#8220;1_5,1_5,1_5,1_5,1_5&#8243; use_custom_gutter=&#8220;on&#8220; gutter_width=&#8220;1&#8243; make_equal=&#8220;on&#8220; _builder_version=&#8220;4.16&#8243; _module_preset=&#8220;default&#8220; custom_css_main_element=&#8220;align-items: center;&#8220; global_colors_info=&#8220;{}&#8220;][et_pb_column type=&#8220;1_5&#8243; _builder_version=&#8220;4.16&#8243; _module_preset=&#8220;default&#8220; global_colors_info=&#8220;{}&#8220;][et_pb_image src=&#8220;https:\/\/zivaexotika.cz\/wp-content\/uploads\/2021\/10\/KB_v.png&#8220; title_text=&#8220;Comgate-Logo Transaparent-BCG&#8220; align=&#8220;center&#8220; _builder_version=&#8220;4.16&#8243; _module_preset=&#8220;default&#8220; max_height=&#8220;40px&#8220; global_colors_info=&#8220;{}&#8220;][\/et_pb_image][\/et_pb_column][et_pb_column type=&#8220;1_5&#8243; _builder_version=&#8220;4.16&#8243; _module_preset=&#8220;default&#8220; global_colors_info=&#8220;{}&#8220;][et_pb_image src=&#8220;https:\/\/zivaexotika.cz\/wp-content\/uploads\/2021\/10\/MB_v.png&#8220; title_text=&#8220;Comgate-Logo Transaparent-BCG&#8220; align=&#8220;center&#8220; _builder_version=&#8220;4.16&#8243; _module_preset=&#8220;default&#8220; max_height=&#8220;40px&#8220; global_colors_info=&#8220;{}&#8220;][\/et_pb_image][\/et_pb_column][et_pb_column type=&#8220;1_5&#8243; _builder_version=&#8220;4.16&#8243; _module_preset=&#8220;default&#8220; global_colors_info=&#8220;{}&#8220;][et_pb_image src=&#8220;https:\/\/zivaexotika.cz\/wp-content\/uploads\/2021\/10\/Moneta_v.png&#8220; title_text=&#8220;Comgate-Logo Transaparent-BCG&#8220; align=&#8220;center&#8220; _builder_version=&#8220;4.16&#8243; _module_preset=&#8220;default&#8220; max_height=&#8220;40px&#8220; global_colors_info=&#8220;{}&#8220;][\/et_pb_image][\/et_pb_column][et_pb_column type=&#8220;1_5&#8243; _builder_version=&#8220;4.16&#8243; _module_preset=&#8220;default&#8220; global_colors_info=&#8220;{}&#8220;][et_pb_image src=&#8220;https:\/\/zivaexotika.cz\/wp-content\/uploads\/2021\/10\/RB_v.png&#8220; title_text=&#8220;Comgate-Logo Transaparent-BCG&#8220; align=&#8220;center&#8220; _builder_version=&#8220;4.16&#8243; _module_preset=&#8220;default&#8220; max_height=&#8220;40px&#8220; global_colors_info=&#8220;{}&#8220;][\/et_pb_image][\/et_pb_column][et_pb_column type=&#8220;1_5&#8243; _builder_version=&#8220;4.16&#8243; _module_preset=&#8220;default&#8220; global_colors_info=&#8220;{}&#8220;][et_pb_image src=&#8220;https:\/\/zivaexotika.cz\/wp-content\/uploads\/2021\/10\/UCBk-70.png&#8220; title_text=&#8220;Comgate-Logo Transaparent-BCG&#8220; align=&#8220;center&#8220; _builder_version=&#8220;4.16&#8243; _module_preset=&#8220;default&#8220; max_height=&#8220;40px&#8220; global_colors_info=&#8220;{}&#8220;][\/et_pb_image][\/et_pb_column][\/et_pb_row][et_pb_row column_structure=&#8220;1_3,1_3,1_3&#8243; use_custom_gutter=&#8220;on&#8220; gutter_width=&#8220;1&#8243; make_equal=&#8220;on&#8220; _builder_version=&#8220;4.16&#8243; _module_preset=&#8220;default&#8220; max_width=&#8220;600px&#8220; custom_css_main_element=&#8220;align-items: center;&#8220; global_colors_info=&#8220;{}&#8220;][et_pb_column type=&#8220;1_3&#8243; _builder_version=&#8220;4.16&#8243; _module_preset=&#8220;default&#8220; global_colors_info=&#8220;{}&#8220;][et_pb_image src=&#8220;https:\/\/zivaexotika.cz\/wp-content\/uploads\/2021\/10\/sberbank_v.jpg&#8220; title_text=&#8220;Comgate-Logo Transaparent-BCG&#8220; align=&#8220;center&#8220; _builder_version=&#8220;4.16&#8243; _module_preset=&#8220;default&#8220; max_height=&#8220;40px&#8220; global_colors_info=&#8220;{}&#8220;][\/et_pb_image][\/et_pb_column][et_pb_column type=&#8220;1_3&#8243; _builder_version=&#8220;4.16&#8243; _module_preset=&#8220;default&#8220; global_colors_info=&#8220;{}&#8220;][et_pb_image src=&#8220;https:\/\/zivaexotika.cz\/wp-content\/uploads\/2021\/10\/master-card_jpg.jpg&#8220; title_text=&#8220;Comgate-Logo Transaparent-BCG&#8220; align=&#8220;center&#8220; _builder_version=&#8220;4.16&#8243; _module_preset=&#8220;default&#8220; max_height=&#8220;40px&#8220; global_colors_info=&#8220;{}&#8220;][\/et_pb_image][\/et_pb_column][et_pb_column type=&#8220;1_3&#8243; _builder_version=&#8220;4.16&#8243; _module_preset=&#8220;default&#8220; global_colors_info=&#8220;{}&#8220;][et_pb_image src=&#8220;https:\/\/zivaexotika.cz\/wp-content\/uploads\/2021\/10\/visa_jpg.jpg&#8220; title_text=&#8220;Comgate-Logo Transaparent-BCG&#8220; align=&#8220;center&#8220; _builder_version=&#8220;4.16&#8243; _module_preset=&#8220;default&#8220; max_height=&#8220;40px&#8220; global_colors_info=&#8220;{}&#8220;][\/et_pb_image][\/et_pb_column][\/et_pb_row][et_pb_row _builder_version=&#8220;4.16&#8243; _module_preset=&#8220;default&#8220; custom_margin=&#8220;||30px||false|false&#8220; global_colors_info=&#8220;{}&#8220;][et_pb_column type=&#8220;4_4&#8243; _builder_version=&#8220;4.16&#8243; _module_preset=&#8220;default&#8220; global_colors_info=&#8220;{}&#8220;][et_pb_text _builder_version=&#8220;4.16&#8243; _module_preset=&#8220;default&#8220; global_colors_info=&#8220;{}&#8220;]<\/p>\n<p style=\"text-align: center;\"><strong><a href=\"https:\/\/www.zivaexotika.cz\/obchodni-podminky\/\">Allgemeine Gesch\u00e4ftsbedingungen<\/a>, <a href=\"https:\/\/www.zivaexotika.cz\/ochrana-osobnich-udaju\/\">Datenschutzerkl\u00e4rung<\/a><\/strong><\/p>\n<p>[\/et_pb_text][\/et_pb_column][\/et_pb_row][\/et_pb_section]<\/p>\n","protected":false},"excerpt":{"rendered":"<p>Ticketvorverkauf am 7.5.2022 EintrittspreisAlle Personen von 16 bis 65 Jahren zahlen Eintritt. Andere haben freien Eintritt. Hygienema\u00dfnahmenDer Eintritt zur Veranstaltung ist ohne Einschr\u00e4nkungen m\u00f6glich Links zu einzelnen Tickets werden Ihnen per E-Mail zugesandt. Wenn die E-Mail nicht ankommt, \u00fcberpr\u00fcfen Sie bitte, ob Sie Ihre E-Mail-Adresse korrekt eingegeben haben. K\u00f6nnen Sie Ihre Ticket-Downloads nicht \u00f6ffnen? Die [&hellip;]<\/p>\n","protected":false},"author":6,"featured_media":0,"parent":0,"menu_order":0,"comment_status":"closed","ping_status":"closed","template":"","meta":{"_et_pb_use_builder":"on","_et_pb_old_content":"","_et_gb_content_width":"","footnotes":""},"class_list":["post-35167","page","type-page","status-publish","hentry"],"_links":{"self":[{"href":"https:\/\/zivaexotika.cz\/de\/wp-json\/wp\/v2\/pages\/35167","targetHints":{"allow":["GET"]}}],"collection":[{"href":"https:\/\/zivaexotika.cz\/de\/wp-json\/wp\/v2\/pages"}],"about":[{"href":"https:\/\/zivaexotika.cz\/de\/wp-json\/wp\/v2\/types\/page"}],"author":[{"embeddable":true,"href":"https:\/\/zivaexotika.cz\/de\/wp-json\/wp\/v2\/users\/6"}],"replies":[{"embeddable":true,"href":"https:\/\/zivaexotika.cz\/de\/wp-json\/wp\/v2\/comments?post=35167"}],"version-history":[{"count":3,"href":"https:\/\/zivaexotika.cz\/de\/wp-json\/wp\/v2\/pages\/35167\/revisions"}],"predecessor-version":[{"id":35170,"href":"https:\/\/zivaexotika.cz\/de\/wp-json\/wp\/v2\/pages\/35167\/revisions\/35170"}],"wp:attachment":[{"href":"https:\/\/zivaexotika.cz\/de\/wp-json\/wp\/v2\/media?parent=35167"}],"curies":[{"name":"wp","href":"https:\/\/api.w.org\/{rel}","templated":true}]}}